{"id":2385,"date":"2022-06-15T09:48:26","date_gmt":"2022-06-15T07:48:26","guid":{"rendered":"https:\/\/artefakt.gallery\/produkt\/przeplyw-zen\/"},"modified":"2022-06-15T09:48:26","modified_gmt":"2022-06-15T07:48:26","slug":"przeplyw-zen","status":"publish","type":"product","link":"https:\/\/artefakt.gallery\/pl\/produkt\/przeplyw-zen\/","title":{"rendered":"przep\u0142yw zen"},"content":{"rendered":"<p>2 srebrzone lilie wodne z 6 poz\u0142acanymi i srebrzonymi li\u015b\u0107mi<\/p>\n","protected":false},"excerpt":{"rendered":"<p>2 srebrzone lilie wodne z 6 poz\u0142acanymi i srebrzonymi li\u015b\u0107mi<\/p>\n","protected":false},"featured_media":886,"template":"","meta":[],"product_brand":[],"product_cat":[245,244,243,203,246],"product_tag":[],"class_list":{"0":"post-2385","1":"product","2":"type-product","3":"status-publish","4":"has-post-thumbnail","6":"product_cat-dzien-matki","7":"product_cat-slub","8":"product_cat-talerze-ze-szkla-artystycznego","9":"product_cat-urodziny","10":"product_cat-walentynki","12":"first","13":"instock","14":"featured","15":"shipping-taxable","16":"purchasable","17":"product-type-simple"},"_links":{"self":[{"href":"https:\/\/artefakt.gallery\/pl\/wp-json\/wp\/v2\/product\/2385","targetHints":{"allow":["GET"]}}],"collection":[{"href":"https:\/\/artefakt.gallery\/pl\/wp-json\/wp\/v2\/product"}],"about":[{"href":"https:\/\/artefakt.gallery\/pl\/wp-json\/wp\/v2\/types\/product"}],"wp:featuredmedia":[{"embeddable":true,"href":"https:\/\/artefakt.gallery\/pl\/wp-json\/wp\/v2\/media\/886"}],"wp:attachment":[{"href":"https:\/\/artefakt.gallery\/pl\/wp-json\/wp\/v2\/media?parent=2385"}],"wp:term":[{"taxonomy":"product_brand","embeddable":true,"href":"https:\/\/artefakt.gallery\/pl\/wp-json\/wp\/v2\/product_brand?post=2385"},{"taxonomy":"product_cat","embeddable":true,"href":"https:\/\/artefakt.gallery\/pl\/wp-json\/wp\/v2\/product_cat?post=2385"},{"taxonomy":"product_tag","embeddable":true,"href":"https:\/\/artefakt.gallery\/pl\/wp-json\/wp\/v2\/product_tag?post=2385"}],"curies":[{"name":"wp","href":"https:\/\/api.w.org\/{rel}","templated":true}]}}