{"id":2379,"date":"2022-06-15T09:47:52","date_gmt":"2022-06-15T07:47:52","guid":{"rendered":"https:\/\/artefakt.gallery\/produkt\/starozytna-historia\/"},"modified":"2022-06-15T09:47:52","modified_gmt":"2022-06-15T07:47:52","slug":"starozytna-historia","status":"publish","type":"product","link":"https:\/\/artefakt.gallery\/pl\/produkt\/starozytna-historia\/","title":{"rendered":"staro\u017cytna historia"},"content":{"rendered":"<p>24-karatowe z\u0142ote p\u0142atki<\/p>\n","protected":false},"excerpt":{"rendered":"<p>24-karatowe z\u0142ote p\u0142atki<\/p>\n","protected":false},"featured_media":588,"template":"","meta":[],"product_brand":[],"product_cat":[216,238,243,203],"product_tag":[],"class_list":{"0":"post-2379","1":"product","2":"type-product","3":"status-publish","4":"has-post-thumbnail","6":"product_cat-boze-narodzenie","7":"product_cat-podziekowania","8":"product_cat-talerze-ze-szkla-artystycznego","9":"product_cat-urodziny","11":"first","12":"instock","13":"shipping-taxable","14":"purchasable","15":"product-type-simple"},"_links":{"self":[{"href":"https:\/\/artefakt.gallery\/pl\/wp-json\/wp\/v2\/product\/2379","targetHints":{"allow":["GET"]}}],"collection":[{"href":"https:\/\/artefakt.gallery\/pl\/wp-json\/wp\/v2\/product"}],"about":[{"href":"https:\/\/artefakt.gallery\/pl\/wp-json\/wp\/v2\/types\/product"}],"wp:featuredmedia":[{"embeddable":true,"href":"https:\/\/artefakt.gallery\/pl\/wp-json\/wp\/v2\/media\/588"}],"wp:attachment":[{"href":"https:\/\/artefakt.gallery\/pl\/wp-json\/wp\/v2\/media?parent=2379"}],"wp:term":[{"taxonomy":"product_brand","embeddable":true,"href":"https:\/\/artefakt.gallery\/pl\/wp-json\/wp\/v2\/product_brand?post=2379"},{"taxonomy":"product_cat","embeddable":true,"href":"https:\/\/artefakt.gallery\/pl\/wp-json\/wp\/v2\/product_cat?post=2379"},{"taxonomy":"product_tag","embeddable":true,"href":"https:\/\/artefakt.gallery\/pl\/wp-json\/wp\/v2\/product_tag?post=2379"}],"curies":[{"name":"wp","href":"https:\/\/api.w.org\/{rel}","templated":true}]}}