{"id":2352,"date":"2022-06-15T09:48:22","date_gmt":"2022-06-15T07:48:22","guid":{"rendered":"https:\/\/artefakt.gallery\/produkt\/delfiny-trojkatne\/"},"modified":"2022-06-15T09:48:22","modified_gmt":"2022-06-15T07:48:22","slug":"delfiny-trojkatne","status":"publish","type":"product","link":"https:\/\/artefakt.gallery\/pl\/produkt\/delfiny-trojkatne\/","title":{"rendered":"delfiny tr\u00f3jk\u0105tne"},"content":{"rendered":"<p>4 poz\u0142acane delfiny<\/p>\n","protected":false},"excerpt":{"rendered":"<p>4 poz\u0142acane delfiny<\/p>\n","protected":false},"featured_media":823,"template":"","meta":[],"product_brand":[],"product_cat":[243,203],"product_tag":[],"class_list":{"0":"post-2352","1":"product","2":"type-product","3":"status-publish","4":"has-post-thumbnail","6":"product_cat-talerze-ze-szkla-artystycznego","7":"product_cat-urodziny","9":"first","10":"instock","11":"shipping-taxable","12":"purchasable","13":"product-type-simple"},"_links":{"self":[{"href":"https:\/\/artefakt.gallery\/pl\/wp-json\/wp\/v2\/product\/2352","targetHints":{"allow":["GET"]}}],"collection":[{"href":"https:\/\/artefakt.gallery\/pl\/wp-json\/wp\/v2\/product"}],"about":[{"href":"https:\/\/artefakt.gallery\/pl\/wp-json\/wp\/v2\/types\/product"}],"wp:featuredmedia":[{"embeddable":true,"href":"https:\/\/artefakt.gallery\/pl\/wp-json\/wp\/v2\/media\/823"}],"wp:attachment":[{"href":"https:\/\/artefakt.gallery\/pl\/wp-json\/wp\/v2\/media?parent=2352"}],"wp:term":[{"taxonomy":"product_brand","embeddable":true,"href":"https:\/\/artefakt.gallery\/pl\/wp-json\/wp\/v2\/product_brand?post=2352"},{"taxonomy":"product_cat","embeddable":true,"href":"https:\/\/artefakt.gallery\/pl\/wp-json\/wp\/v2\/product_cat?post=2352"},{"taxonomy":"product_tag","embeddable":true,"href":"https:\/\/artefakt.gallery\/pl\/wp-json\/wp\/v2\/product_tag?post=2352"}],"curies":[{"name":"wp","href":"https:\/\/api.w.org\/{rel}","templated":true}]}}