{"id":2312,"date":"2022-06-15T09:48:22","date_gmt":"2022-06-15T07:48:22","guid":{"rendered":"https:\/\/artefakt.gallery\/produkt\/thoodo-i\/"},"modified":"2022-06-15T09:48:22","modified_gmt":"2022-06-15T07:48:22","slug":"thoodo-i","status":"publish","type":"product","link":"https:\/\/artefakt.gallery\/pl\/produkt\/thoodo-i\/","title":{"rendered":"thoodo I"},"content":{"rendered":"<p>5 p\u0142aszczek posrebrzanych i mosi\u0119\u017cnych<\/p>\n","protected":false},"excerpt":{"rendered":"<p>5 p\u0142aszczek posrebrzanych i mosi\u0119\u017cnych<\/p>\n","protected":false},"featured_media":1174,"template":"","meta":[],"product_brand":[],"product_cat":[245,243,203,246],"product_tag":[],"class_list":{"0":"post-2312","1":"product","2":"type-product","3":"status-publish","4":"has-post-thumbnail","6":"product_cat-dzien-matki","7":"product_cat-talerze-ze-szkla-artystycznego","8":"product_cat-urodziny","9":"product_cat-walentynki","11":"first","12":"instock","13":"shipping-taxable","14":"purchasable","15":"product-type-simple"},"_links":{"self":[{"href":"https:\/\/artefakt.gallery\/pl\/wp-json\/wp\/v2\/product\/2312","targetHints":{"allow":["GET"]}}],"collection":[{"href":"https:\/\/artefakt.gallery\/pl\/wp-json\/wp\/v2\/product"}],"about":[{"href":"https:\/\/artefakt.gallery\/pl\/wp-json\/wp\/v2\/types\/product"}],"wp:featuredmedia":[{"embeddable":true,"href":"https:\/\/artefakt.gallery\/pl\/wp-json\/wp\/v2\/media\/1174"}],"wp:attachment":[{"href":"https:\/\/artefakt.gallery\/pl\/wp-json\/wp\/v2\/media?parent=2312"}],"wp:term":[{"taxonomy":"product_brand","embeddable":true,"href":"https:\/\/artefakt.gallery\/pl\/wp-json\/wp\/v2\/product_brand?post=2312"},{"taxonomy":"product_cat","embeddable":true,"href":"https:\/\/artefakt.gallery\/pl\/wp-json\/wp\/v2\/product_cat?post=2312"},{"taxonomy":"product_tag","embeddable":true,"href":"https:\/\/artefakt.gallery\/pl\/wp-json\/wp\/v2\/product_tag?post=2312"}],"curies":[{"name":"wp","href":"https:\/\/api.w.org\/{rel}","templated":true}]}}