{"id":2253,"date":"2022-06-15T09:48:25","date_gmt":"2022-06-15T07:48:25","guid":{"rendered":"https:\/\/artefakt.gallery\/produkt\/podroz-wikinga\/"},"modified":"2022-06-15T09:48:25","modified_gmt":"2022-06-15T07:48:25","slug":"podroz-wikinga","status":"publish","type":"product","link":"https:\/\/artefakt.gallery\/pl\/produkt\/podroz-wikinga\/","title":{"rendered":"Podr\u00f3\u017c Wikinga"},"content":{"rendered":"<p>5 posrebrzanych statk\u00f3w<\/p>\n","protected":false},"excerpt":{"rendered":"<p>5 posrebrzanych statk\u00f3w<\/p>\n","protected":false},"featured_media":858,"template":"","meta":[],"product_brand":[],"product_cat":[204,215,248,238,271,243,203],"product_tag":[],"class_list":{"0":"post-2253","1":"product","2":"type-product","3":"status-publish","4":"has-post-thumbnail","6":"product_cat-dzien-ojca","7":"product_cat-emerytura","8":"product_cat-narodziny","9":"product_cat-podziekowania","10":"product_cat-rozpoczecie-nowej-dzialalnosci","11":"product_cat-talerze-ze-szkla-artystycznego","12":"product_cat-urodziny","14":"first","15":"instock","16":"featured","17":"shipping-taxable","18":"purchasable","19":"product-type-simple"},"_links":{"self":[{"href":"https:\/\/artefakt.gallery\/pl\/wp-json\/wp\/v2\/product\/2253","targetHints":{"allow":["GET"]}}],"collection":[{"href":"https:\/\/artefakt.gallery\/pl\/wp-json\/wp\/v2\/product"}],"about":[{"href":"https:\/\/artefakt.gallery\/pl\/wp-json\/wp\/v2\/types\/product"}],"wp:featuredmedia":[{"embeddable":true,"href":"https:\/\/artefakt.gallery\/pl\/wp-json\/wp\/v2\/media\/858"}],"wp:attachment":[{"href":"https:\/\/artefakt.gallery\/pl\/wp-json\/wp\/v2\/media?parent=2253"}],"wp:term":[{"taxonomy":"product_brand","embeddable":true,"href":"https:\/\/artefakt.gallery\/pl\/wp-json\/wp\/v2\/product_brand?post=2253"},{"taxonomy":"product_cat","embeddable":true,"href":"https:\/\/artefakt.gallery\/pl\/wp-json\/wp\/v2\/product_cat?post=2253"},{"taxonomy":"product_tag","embeddable":true,"href":"https:\/\/artefakt.gallery\/pl\/wp-json\/wp\/v2\/product_tag?post=2253"}],"curies":[{"name":"wp","href":"https:\/\/api.w.org\/{rel}","templated":true}]}}