{"id":2232,"date":"2022-06-15T09:48:26","date_gmt":"2022-06-15T07:48:26","guid":{"rendered":"https:\/\/artefakt.gallery\/produkt\/lodzie-zen\/"},"modified":"2022-06-15T09:48:26","modified_gmt":"2022-06-15T07:48:26","slug":"lodzie-zen","status":"publish","type":"product","link":"https:\/\/artefakt.gallery\/pl\/produkt\/lodzie-zen\/","title":{"rendered":"\u0141odzie zen"},"content":{"rendered":"<p>5 poz\u0142acanych i posrebrzanych \u0142odzi<\/p>\n","protected":false},"excerpt":{"rendered":"<p>5 poz\u0142acanych i posrebrzanych \u0142odzi<\/p>\n","protected":false},"featured_media":885,"template":"","meta":[],"product_brand":[],"product_cat":[204,248,271,243,203],"product_tag":[],"class_list":{"0":"post-2232","1":"product","2":"type-product","3":"status-publish","4":"has-post-thumbnail","6":"product_cat-dzien-ojca","7":"product_cat-narodziny","8":"product_cat-rozpoczecie-nowej-dzialalnosci","9":"product_cat-talerze-ze-szkla-artystycznego","10":"product_cat-urodziny","12":"first","13":"instock","14":"featured","15":"shipping-taxable","16":"purchasable","17":"product-type-simple"},"_links":{"self":[{"href":"https:\/\/artefakt.gallery\/pl\/wp-json\/wp\/v2\/product\/2232","targetHints":{"allow":["GET"]}}],"collection":[{"href":"https:\/\/artefakt.gallery\/pl\/wp-json\/wp\/v2\/product"}],"about":[{"href":"https:\/\/artefakt.gallery\/pl\/wp-json\/wp\/v2\/types\/product"}],"wp:featuredmedia":[{"embeddable":true,"href":"https:\/\/artefakt.gallery\/pl\/wp-json\/wp\/v2\/media\/885"}],"wp:attachment":[{"href":"https:\/\/artefakt.gallery\/pl\/wp-json\/wp\/v2\/media?parent=2232"}],"wp:term":[{"taxonomy":"product_brand","embeddable":true,"href":"https:\/\/artefakt.gallery\/pl\/wp-json\/wp\/v2\/product_brand?post=2232"},{"taxonomy":"product_cat","embeddable":true,"href":"https:\/\/artefakt.gallery\/pl\/wp-json\/wp\/v2\/product_cat?post=2232"},{"taxonomy":"product_tag","embeddable":true,"href":"https:\/\/artefakt.gallery\/pl\/wp-json\/wp\/v2\/product_tag?post=2232"}],"curies":[{"name":"wp","href":"https:\/\/api.w.org\/{rel}","templated":true}]}}