{"id":2163,"date":"2022-06-15T09:48:20","date_gmt":"2022-06-15T07:48:20","guid":{"rendered":"https:\/\/artefakt.gallery\/produkt\/swiatynia-ludzkich-sciezek\/"},"modified":"2022-06-15T09:48:20","modified_gmt":"2022-06-15T07:48:20","slug":"swiatynia-ludzkich-sciezek","status":"publish","type":"product","link":"https:\/\/artefakt.gallery\/pl\/produkt\/swiatynia-ludzkich-sciezek\/","title":{"rendered":"\u015bwi\u0105tynia ludzkich \u015bcie\u017cek"},"content":{"rendered":"","protected":false},"excerpt":{"rendered":"","protected":false},"featured_media":1159,"template":"","meta":[],"product_brand":[],"product_cat":[216,215,214,237,203],"product_tag":[],"class_list":{"0":"post-2163","1":"product","2":"type-product","3":"status-publish","4":"has-post-thumbnail","6":"product_cat-boze-narodzenie","7":"product_cat-emerytura","8":"product_cat-rocznica","9":"product_cat-rzezba","10":"product_cat-urodziny","12":"first","13":"instock","14":"shipping-taxable","15":"purchasable","16":"product-type-simple"},"_links":{"self":[{"href":"https:\/\/artefakt.gallery\/pl\/wp-json\/wp\/v2\/product\/2163","targetHints":{"allow":["GET"]}}],"collection":[{"href":"https:\/\/artefakt.gallery\/pl\/wp-json\/wp\/v2\/product"}],"about":[{"href":"https:\/\/artefakt.gallery\/pl\/wp-json\/wp\/v2\/types\/product"}],"wp:featuredmedia":[{"embeddable":true,"href":"https:\/\/artefakt.gallery\/pl\/wp-json\/wp\/v2\/media\/1159"}],"wp:attachment":[{"href":"https:\/\/artefakt.gallery\/pl\/wp-json\/wp\/v2\/media?parent=2163"}],"wp:term":[{"taxonomy":"product_brand","embeddable":true,"href":"https:\/\/artefakt.gallery\/pl\/wp-json\/wp\/v2\/product_brand?post=2163"},{"taxonomy":"product_cat","embeddable":true,"href":"https:\/\/artefakt.gallery\/pl\/wp-json\/wp\/v2\/product_cat?post=2163"},{"taxonomy":"product_tag","embeddable":true,"href":"https:\/\/artefakt.gallery\/pl\/wp-json\/wp\/v2\/product_tag?post=2163"}],"curies":[{"name":"wp","href":"https:\/\/api.w.org\/{rel}","templated":true}]}}