{"id":2155,"date":"2022-06-15T09:48:20","date_gmt":"2022-06-15T07:48:20","guid":{"rendered":"https:\/\/artefakt.gallery\/produkt\/wojna-termitow\/"},"modified":"2022-06-15T09:48:20","modified_gmt":"2022-06-15T07:48:20","slug":"wojna-termitow","status":"publish","type":"product","link":"https:\/\/artefakt.gallery\/pl\/produkt\/wojna-termitow\/","title":{"rendered":"wojna termit\u00f3w"},"content":{"rendered":"<p>10 mr\u00f3wek platerowanych z\u0142otem i srebrem<\/p>\n","protected":false},"excerpt":{"rendered":"<p>10 mr\u00f3wek platerowanych z\u0142otem i srebrem<\/p>\n","protected":false},"featured_media":1168,"template":"","meta":[],"product_brand":[],"product_cat":[243,203],"product_tag":[],"class_list":{"0":"post-2155","1":"product","2":"type-product","3":"status-publish","4":"has-post-thumbnail","6":"product_cat-talerze-ze-szkla-artystycznego","7":"product_cat-urodziny","9":"first","10":"instock","11":"shipping-taxable","12":"purchasable","13":"product-type-simple"},"_links":{"self":[{"href":"https:\/\/artefakt.gallery\/pl\/wp-json\/wp\/v2\/product\/2155","targetHints":{"allow":["GET"]}}],"collection":[{"href":"https:\/\/artefakt.gallery\/pl\/wp-json\/wp\/v2\/product"}],"about":[{"href":"https:\/\/artefakt.gallery\/pl\/wp-json\/wp\/v2\/types\/product"}],"wp:featuredmedia":[{"embeddable":true,"href":"https:\/\/artefakt.gallery\/pl\/wp-json\/wp\/v2\/media\/1168"}],"wp:attachment":[{"href":"https:\/\/artefakt.gallery\/pl\/wp-json\/wp\/v2\/media?parent=2155"}],"wp:term":[{"taxonomy":"product_brand","embeddable":true,"href":"https:\/\/artefakt.gallery\/pl\/wp-json\/wp\/v2\/product_brand?post=2155"},{"taxonomy":"product_cat","embeddable":true,"href":"https:\/\/artefakt.gallery\/pl\/wp-json\/wp\/v2\/product_cat?post=2155"},{"taxonomy":"product_tag","embeddable":true,"href":"https:\/\/artefakt.gallery\/pl\/wp-json\/wp\/v2\/product_tag?post=2155"}],"curies":[{"name":"wp","href":"https:\/\/api.w.org\/{rel}","templated":true}]}}