{"id":2055,"date":"2022-06-15T09:47:53","date_gmt":"2022-06-15T07:47:53","guid":{"rendered":"https:\/\/artefakt.gallery\/produkt\/skrzydlo-aniola\/"},"modified":"2022-06-15T09:47:53","modified_gmt":"2022-06-15T07:47:53","slug":"skrzydlo-aniola","status":"publish","type":"product","link":"https:\/\/artefakt.gallery\/pl\/produkt\/skrzydlo-aniola\/","title":{"rendered":"skrzyd\u0142o anio\u0142a"},"content":{"rendered":"<p>pi\u00f3ra w reliefie<\/p>\n","protected":false},"excerpt":{"rendered":"<p>pi\u00f3ra w reliefie<\/p>\n","protected":false},"featured_media":1353,"template":"","meta":[],"product_brand":[],"product_cat":[245,248,238,244,243,203,246,247],"product_tag":[],"class_list":{"0":"post-2055","1":"product","2":"type-product","3":"status-publish","4":"has-post-thumbnail","6":"product_cat-dzien-matki","7":"product_cat-narodziny","8":"product_cat-podziekowania","9":"product_cat-slub","10":"product_cat-talerze-ze-szkla-artystycznego","11":"product_cat-urodziny","12":"product_cat-walentynki","13":"product_cat-zareczyny","15":"first","16":"instock","17":"shipping-taxable","18":"purchasable","19":"product-type-simple"},"_links":{"self":[{"href":"https:\/\/artefakt.gallery\/pl\/wp-json\/wp\/v2\/product\/2055","targetHints":{"allow":["GET"]}}],"collection":[{"href":"https:\/\/artefakt.gallery\/pl\/wp-json\/wp\/v2\/product"}],"about":[{"href":"https:\/\/artefakt.gallery\/pl\/wp-json\/wp\/v2\/types\/product"}],"wp:featuredmedia":[{"embeddable":true,"href":"https:\/\/artefakt.gallery\/pl\/wp-json\/wp\/v2\/media\/1353"}],"wp:attachment":[{"href":"https:\/\/artefakt.gallery\/pl\/wp-json\/wp\/v2\/media?parent=2055"}],"wp:term":[{"taxonomy":"product_brand","embeddable":true,"href":"https:\/\/artefakt.gallery\/pl\/wp-json\/wp\/v2\/product_brand?post=2055"},{"taxonomy":"product_cat","embeddable":true,"href":"https:\/\/artefakt.gallery\/pl\/wp-json\/wp\/v2\/product_cat?post=2055"},{"taxonomy":"product_tag","embeddable":true,"href":"https:\/\/artefakt.gallery\/pl\/wp-json\/wp\/v2\/product_tag?post=2055"}],"curies":[{"name":"wp","href":"https:\/\/api.w.org\/{rel}","templated":true}]}}