{"id":2011,"date":"2022-06-15T09:47:55","date_gmt":"2022-06-15T07:47:55","guid":{"rendered":"https:\/\/artefakt.gallery\/produkt\/stozki-z-blekitnej-stali-ii\/"},"modified":"2022-06-15T09:47:55","modified_gmt":"2022-06-15T07:47:55","slug":"stozki-z-blekitnej-stali-ii","status":"publish","type":"product","link":"https:\/\/artefakt.gallery\/pl\/produkt\/stozki-z-blekitnej-stali-ii\/","title":{"rendered":"sto\u017cki z b\u0142\u0119kitnej stali II"},"content":{"rendered":"<p>szkliwo krystaliczne, a\u017cur<\/p>\n","protected":false},"excerpt":{"rendered":"<p>szkliwo krystaliczne, a\u017cur<\/p>\n","protected":false},"featured_media":0,"template":"","meta":[],"product_brand":[],"product_cat":[237,203],"product_tag":[],"class_list":{"0":"post-2011","1":"product","2":"type-product","3":"status-publish","5":"product_cat-rzezba","6":"product_cat-urodziny","8":"first","9":"instock","10":"shipping-taxable","11":"purchasable","12":"product-type-simple"},"_links":{"self":[{"href":"https:\/\/artefakt.gallery\/pl\/wp-json\/wp\/v2\/product\/2011","targetHints":{"allow":["GET"]}}],"collection":[{"href":"https:\/\/artefakt.gallery\/pl\/wp-json\/wp\/v2\/product"}],"about":[{"href":"https:\/\/artefakt.gallery\/pl\/wp-json\/wp\/v2\/types\/product"}],"wp:attachment":[{"href":"https:\/\/artefakt.gallery\/pl\/wp-json\/wp\/v2\/media?parent=2011"}],"wp:term":[{"taxonomy":"product_brand","embeddable":true,"href":"https:\/\/artefakt.gallery\/pl\/wp-json\/wp\/v2\/product_brand?post=2011"},{"taxonomy":"product_cat","embeddable":true,"href":"https:\/\/artefakt.gallery\/pl\/wp-json\/wp\/v2\/product_cat?post=2011"},{"taxonomy":"product_tag","embeddable":true,"href":"https:\/\/artefakt.gallery\/pl\/wp-json\/wp\/v2\/product_tag?post=2011"}],"curies":[{"name":"wp","href":"https:\/\/api.w.org\/{rel}","templated":true}]}}