{"id":1841,"date":"2022-06-15T09:48:05","date_gmt":"2022-06-15T07:48:05","guid":{"rendered":"https:\/\/artefakt.gallery\/produkt\/miodowa-lodz\/"},"modified":"2022-06-15T09:48:05","modified_gmt":"2022-06-15T07:48:05","slug":"miodowa-lodz","status":"publish","type":"product","link":"https:\/\/artefakt.gallery\/pl\/produkt\/miodowa-lodz\/","title":{"rendered":"Miodowa \u0141\u00f3d\u017a"},"content":{"rendered":"","protected":false},"excerpt":{"rendered":"","protected":false},"featured_media":1069,"template":"","meta":[],"product_brand":[],"product_cat":[216,245,215,238,214,244,243,203,249,247],"product_tag":[],"class_list":{"0":"post-1841","1":"product","2":"type-product","3":"status-publish","4":"has-post-thumbnail","6":"product_cat-boze-narodzenie","7":"product_cat-dzien-matki","8":"product_cat-emerytura","9":"product_cat-podziekowania","10":"product_cat-rocznica","11":"product_cat-slub","12":"product_cat-talerze-ze-szkla-artystycznego","13":"product_cat-urodziny","14":"product_cat-wielkanoc","15":"product_cat-zareczyny","17":"first","18":"instock","19":"shipping-taxable","20":"purchasable","21":"product-type-simple"},"_links":{"self":[{"href":"https:\/\/artefakt.gallery\/pl\/wp-json\/wp\/v2\/product\/1841","targetHints":{"allow":["GET"]}}],"collection":[{"href":"https:\/\/artefakt.gallery\/pl\/wp-json\/wp\/v2\/product"}],"about":[{"href":"https:\/\/artefakt.gallery\/pl\/wp-json\/wp\/v2\/types\/product"}],"wp:featuredmedia":[{"embeddable":true,"href":"https:\/\/artefakt.gallery\/pl\/wp-json\/wp\/v2\/media\/1069"}],"wp:attachment":[{"href":"https:\/\/artefakt.gallery\/pl\/wp-json\/wp\/v2\/media?parent=1841"}],"wp:term":[{"taxonomy":"product_brand","embeddable":true,"href":"https:\/\/artefakt.gallery\/pl\/wp-json\/wp\/v2\/product_brand?post=1841"},{"taxonomy":"product_cat","embeddable":true,"href":"https:\/\/artefakt.gallery\/pl\/wp-json\/wp\/v2\/product_cat?post=1841"},{"taxonomy":"product_tag","embeddable":true,"href":"https:\/\/artefakt.gallery\/pl\/wp-json\/wp\/v2\/product_tag?post=1841"}],"curies":[{"name":"wp","href":"https:\/\/api.w.org\/{rel}","templated":true}]}}