{"id":1715,"date":"2022-06-15T09:48:12","date_gmt":"2022-06-15T07:48:12","guid":{"rendered":"https:\/\/artefakt.gallery\/produkt\/rownolegle-swiaty\/"},"modified":"2022-06-15T09:48:12","modified_gmt":"2022-06-15T07:48:12","slug":"rownolegle-swiaty","status":"publish","type":"product","link":"https:\/\/artefakt.gallery\/pl\/produkt\/rownolegle-swiaty\/","title":{"rendered":"r\u00f3wnoleg\u0142e \u015bwiaty"},"content":{"rendered":"<p>na drewnianej podstawie<\/p>\n","protected":false},"excerpt":{"rendered":"<p>na drewnianej podstawie<\/p>\n","protected":false},"featured_media":1131,"template":"","meta":[],"product_brand":[],"product_cat":[216,215,214,237,203],"product_tag":[],"class_list":{"0":"post-1715","1":"product","2":"type-product","3":"status-publish","4":"has-post-thumbnail","6":"product_cat-boze-narodzenie","7":"product_cat-emerytura","8":"product_cat-rocznica","9":"product_cat-rzezba","10":"product_cat-urodziny","12":"first","13":"instock","14":"shipping-taxable","15":"purchasable","16":"product-type-simple"},"_links":{"self":[{"href":"https:\/\/artefakt.gallery\/pl\/wp-json\/wp\/v2\/product\/1715","targetHints":{"allow":["GET"]}}],"collection":[{"href":"https:\/\/artefakt.gallery\/pl\/wp-json\/wp\/v2\/product"}],"about":[{"href":"https:\/\/artefakt.gallery\/pl\/wp-json\/wp\/v2\/types\/product"}],"wp:featuredmedia":[{"embeddable":true,"href":"https:\/\/artefakt.gallery\/pl\/wp-json\/wp\/v2\/media\/1131"}],"wp:attachment":[{"href":"https:\/\/artefakt.gallery\/pl\/wp-json\/wp\/v2\/media?parent=1715"}],"wp:term":[{"taxonomy":"product_brand","embeddable":true,"href":"https:\/\/artefakt.gallery\/pl\/wp-json\/wp\/v2\/product_brand?post=1715"},{"taxonomy":"product_cat","embeddable":true,"href":"https:\/\/artefakt.gallery\/pl\/wp-json\/wp\/v2\/product_cat?post=1715"},{"taxonomy":"product_tag","embeddable":true,"href":"https:\/\/artefakt.gallery\/pl\/wp-json\/wp\/v2\/product_tag?post=1715"}],"curies":[{"name":"wp","href":"https:\/\/api.w.org\/{rel}","templated":true}]}}