{"id":1663,"date":"2022-06-15T09:48:04","date_gmt":"2022-06-15T07:48:04","guid":{"rendered":"https:\/\/artefakt.gallery\/produkt\/zloty-lotos\/"},"modified":"2022-06-15T09:48:04","modified_gmt":"2022-06-15T07:48:04","slug":"zloty-lotos","status":"publish","type":"product","link":"https:\/\/artefakt.gallery\/pl\/produkt\/zloty-lotos\/","title":{"rendered":"z\u0142oty lotos"},"content":{"rendered":"<p>3 poz\u0142acane kwiaty lilii wodnych i 5 poz\u0142acanych li\u015bci<\/p>\n","protected":false},"excerpt":{"rendered":"<p>3 poz\u0142acane kwiaty lilii wodnych i 5 poz\u0142acanych li\u015bci<\/p>\n","protected":false},"featured_media":664,"template":"","meta":[],"product_brand":[],"product_cat":[216,245,215,238,214,243,203,246],"product_tag":[],"class_list":{"0":"post-1663","1":"product","2":"type-product","3":"status-publish","4":"has-post-thumbnail","6":"product_cat-boze-narodzenie","7":"product_cat-dzien-matki","8":"product_cat-emerytura","9":"product_cat-podziekowania","10":"product_cat-rocznica","11":"product_cat-talerze-ze-szkla-artystycznego","12":"product_cat-urodziny","13":"product_cat-walentynki","15":"first","16":"instock","17":"shipping-taxable","18":"purchasable","19":"product-type-simple"},"_links":{"self":[{"href":"https:\/\/artefakt.gallery\/pl\/wp-json\/wp\/v2\/product\/1663","targetHints":{"allow":["GET"]}}],"collection":[{"href":"https:\/\/artefakt.gallery\/pl\/wp-json\/wp\/v2\/product"}],"about":[{"href":"https:\/\/artefakt.gallery\/pl\/wp-json\/wp\/v2\/types\/product"}],"wp:featuredmedia":[{"embeddable":true,"href":"https:\/\/artefakt.gallery\/pl\/wp-json\/wp\/v2\/media\/664"}],"wp:attachment":[{"href":"https:\/\/artefakt.gallery\/pl\/wp-json\/wp\/v2\/media?parent=1663"}],"wp:term":[{"taxonomy":"product_brand","embeddable":true,"href":"https:\/\/artefakt.gallery\/pl\/wp-json\/wp\/v2\/product_brand?post=1663"},{"taxonomy":"product_cat","embeddable":true,"href":"https:\/\/artefakt.gallery\/pl\/wp-json\/wp\/v2\/product_cat?post=1663"},{"taxonomy":"product_tag","embeddable":true,"href":"https:\/\/artefakt.gallery\/pl\/wp-json\/wp\/v2\/product_tag?post=1663"}],"curies":[{"name":"wp","href":"https:\/\/api.w.org\/{rel}","templated":true}]}}