{"id":1657,"date":"2022-06-15T09:48:04","date_gmt":"2022-06-15T07:48:04","guid":{"rendered":"https:\/\/artefakt.gallery\/produkt\/zloty-wzor\/"},"modified":"2022-06-15T09:48:04","modified_gmt":"2022-06-15T07:48:04","slug":"zloty-wzor","status":"publish","type":"product","link":"https:\/\/artefakt.gallery\/pl\/produkt\/zloty-wzor\/","title":{"rendered":"z\u0142oty wz\u00f3r"},"content":{"rendered":"<p>ma\u0142e kwadraty z 24-karatowego z\u0142ota<\/p>\n","protected":false},"excerpt":{"rendered":"<p>ma\u0142e kwadraty z 24-karatowego z\u0142ota<\/p>\n","protected":false},"featured_media":657,"template":"","meta":[],"product_brand":[],"product_cat":[216,243,203],"product_tag":[],"class_list":{"0":"post-1657","1":"product","2":"type-product","3":"status-publish","4":"has-post-thumbnail","6":"product_cat-boze-narodzenie","7":"product_cat-talerze-ze-szkla-artystycznego","8":"product_cat-urodziny","10":"first","11":"instock","12":"shipping-taxable","13":"purchasable","14":"product-type-simple"},"_links":{"self":[{"href":"https:\/\/artefakt.gallery\/pl\/wp-json\/wp\/v2\/product\/1657","targetHints":{"allow":["GET"]}}],"collection":[{"href":"https:\/\/artefakt.gallery\/pl\/wp-json\/wp\/v2\/product"}],"about":[{"href":"https:\/\/artefakt.gallery\/pl\/wp-json\/wp\/v2\/types\/product"}],"wp:featuredmedia":[{"embeddable":true,"href":"https:\/\/artefakt.gallery\/pl\/wp-json\/wp\/v2\/media\/657"}],"wp:attachment":[{"href":"https:\/\/artefakt.gallery\/pl\/wp-json\/wp\/v2\/media?parent=1657"}],"wp:term":[{"taxonomy":"product_brand","embeddable":true,"href":"https:\/\/artefakt.gallery\/pl\/wp-json\/wp\/v2\/product_brand?post=1657"},{"taxonomy":"product_cat","embeddable":true,"href":"https:\/\/artefakt.gallery\/pl\/wp-json\/wp\/v2\/product_cat?post=1657"},{"taxonomy":"product_tag","embeddable":true,"href":"https:\/\/artefakt.gallery\/pl\/wp-json\/wp\/v2\/product_tag?post=1657"}],"curies":[{"name":"wp","href":"https:\/\/api.w.org\/{rel}","templated":true}]}}