{"id":1603,"date":"2022-06-15T09:48:16","date_gmt":"2022-06-15T07:48:16","guid":{"rendered":"https:\/\/artefakt.gallery\/produkt\/zolw-morski-iii\/"},"modified":"2026-03-14T11:27:28","modified_gmt":"2026-03-14T10:27:28","slug":"zolw-morski-iii","status":"publish","type":"product","link":"https:\/\/artefakt.gallery\/pl\/produkt\/zolw-morski-iii\/","title":{"rendered":"\u017c\u00f3\u0142w morski III"},"content":{"rendered":"","protected":false},"excerpt":{"rendered":"","protected":false},"featured_media":783,"template":"","meta":[],"product_brand":[],"product_cat":[204,237,203],"product_tag":[],"class_list":{"0":"post-1603","1":"product","2":"type-product","3":"status-publish","4":"has-post-thumbnail","6":"product_cat-dzien-ojca","7":"product_cat-rzezba","8":"product_cat-urodziny","10":"first","11":"instock","12":"shipping-taxable","13":"purchasable","14":"product-type-simple"},"_links":{"self":[{"href":"https:\/\/artefakt.gallery\/pl\/wp-json\/wp\/v2\/product\/1603","targetHints":{"allow":["GET"]}}],"collection":[{"href":"https:\/\/artefakt.gallery\/pl\/wp-json\/wp\/v2\/product"}],"about":[{"href":"https:\/\/artefakt.gallery\/pl\/wp-json\/wp\/v2\/types\/product"}],"wp:featuredmedia":[{"embeddable":true,"href":"https:\/\/artefakt.gallery\/pl\/wp-json\/wp\/v2\/media\/783"}],"wp:attachment":[{"href":"https:\/\/artefakt.gallery\/pl\/wp-json\/wp\/v2\/media?parent=1603"}],"wp:term":[{"taxonomy":"product_brand","embeddable":true,"href":"https:\/\/artefakt.gallery\/pl\/wp-json\/wp\/v2\/product_brand?post=1603"},{"taxonomy":"product_cat","embeddable":true,"href":"https:\/\/artefakt.gallery\/pl\/wp-json\/wp\/v2\/product_cat?post=1603"},{"taxonomy":"product_tag","embeddable":true,"href":"https:\/\/artefakt.gallery\/pl\/wp-json\/wp\/v2\/product_tag?post=1603"}],"curies":[{"name":"wp","href":"https:\/\/api.w.org\/{rel}","templated":true}]}}