{"id":1594,"date":"2022-10-25T10:59:29","date_gmt":"2022-10-25T08:59:29","guid":{"rendered":"https:\/\/artefakt.gallery\/produkt\/obiekty-ceramiczne\/"},"modified":"2026-03-14T11:27:17","modified_gmt":"2026-03-14T10:27:17","slug":"obiekty-ceramiczne","status":"publish","type":"product","link":"https:\/\/artefakt.gallery\/pl\/produkt\/obiekty-ceramiczne\/","title":{"rendered":"Obiekty ceramiczne"},"content":{"rendered":"<p>Nasze obiekty ceramiczne pokryte s\u0105 metalicznym krystalicznym glazurowaniem.<\/p>\n<p>Oferujemy r\u00f3\u017cne kolory: czarny, z\u0142oty, r\u00f3\u017cowy, niebieski, zielony i inne.<\/p>\n<p>Wymiary: \u015brednica do 30 cm, wysoko\u015b\u0107 do 40 cm<\/p>\n","protected":false},"excerpt":{"rendered":"<p>Nasze obiekty ceramiczne pokryte s\u0105 metalicznym krystalicznym glazurowaniem. Oferujemy r\u00f3\u017cne kolory: czarny, z\u0142oty, r\u00f3\u017cowy, niebieski, zielony i inne. Wymiary: \u015brednica do 30 cm, wysoko\u015b\u0107 do 40 cm<\/p>\n","protected":false},"featured_media":1382,"template":"","meta":[],"product_brand":[],"product_cat":[215,238,237,203],"product_tag":[],"class_list":{"0":"post-1594","1":"product","2":"type-product","3":"status-publish","4":"has-post-thumbnail","6":"product_cat-emerytura","7":"product_cat-podziekowania","8":"product_cat-rzezba","9":"product_cat-urodziny","11":"first","12":"instock","13":"shipping-taxable","14":"purchasable","15":"product-type-simple"},"_links":{"self":[{"href":"https:\/\/artefakt.gallery\/pl\/wp-json\/wp\/v2\/product\/1594","targetHints":{"allow":["GET"]}}],"collection":[{"href":"https:\/\/artefakt.gallery\/pl\/wp-json\/wp\/v2\/product"}],"about":[{"href":"https:\/\/artefakt.gallery\/pl\/wp-json\/wp\/v2\/types\/product"}],"wp:featuredmedia":[{"embeddable":true,"href":"https:\/\/artefakt.gallery\/pl\/wp-json\/wp\/v2\/media\/1382"}],"wp:attachment":[{"href":"https:\/\/artefakt.gallery\/pl\/wp-json\/wp\/v2\/media?parent=1594"}],"wp:term":[{"taxonomy":"product_brand","embeddable":true,"href":"https:\/\/artefakt.gallery\/pl\/wp-json\/wp\/v2\/product_brand?post=1594"},{"taxonomy":"product_cat","embeddable":true,"href":"https:\/\/artefakt.gallery\/pl\/wp-json\/wp\/v2\/product_cat?post=1594"},{"taxonomy":"product_tag","embeddable":true,"href":"https:\/\/artefakt.gallery\/pl\/wp-json\/wp\/v2\/product_tag?post=1594"}],"curies":[{"name":"wp","href":"https:\/\/api.w.org\/{rel}","templated":true}]}}