{"id":2689,"date":"2026-02-25T11:32:48","date_gmt":"2026-02-25T10:32:48","guid":{"rendered":"https:\/\/artefakt.gallery\/artysci\/johannes-masseli\/"},"modified":"2026-04-02T22:16:23","modified_gmt":"2026-04-02T20:16:23","slug":"johannes-masseli-pl","status":"publish","type":"page","link":"https:\/\/artefakt.gallery\/pl\/artysci\/johannes-masseli-pl\/","title":{"rendered":"Johannes Masseli"},"content":{"rendered":"\n<p><strong>Johannes Masseli<\/strong> jest malarzem, rysownikiem oraz tw\u00f3rc\u0105 witra\u017cy, kt\u00f3rego tw\u00f3rczo\u015b\u0107 rozwija si\u0119 na pograniczu realizmu magicznego i poetyckiej wizji \u015bwiata. Pochodz\u0105cy ze \u015al\u0105ska artysta mieszka i pracuje we Frankfurcie nad Menem, gdzie od lat konsekwentnie buduje rozpoznawalny, autorski j\u0119zyk malarski.<\/p>\n\n\n\n<p>Jego obrazy wyr\u00f3\u017cniaj\u0105 si\u0119 subteln\u0105, pastelow\u0105 palet\u0105 oraz niezwyk\u0142\u0105 precyzj\u0105 kompozycyjn\u0105. Delikatna, niemal oniryczna atmosfera prac kryje w sobie silny \u0142adunek emocjonalny i symboliczny, dzi\u0119ki czemu obrazy Masseliego oddzia\u0142uj\u0105 na odbiorc\u0119 w spos\u00f3b intensywny i wielowymiarowy. Artysta z niezwyk\u0142\u0105 wra\u017cliwo\u015bci\u0105 \u0142\u0105czy motywy przyrody, ludzkiego cia\u0142a i kosmicznego porz\u0105dku, tworz\u0105c wizje, w kt\u00f3rych refleksja nad miejscem cz\u0142owieka w \u015bwiecie splata si\u0119 z poetyck\u0105 wyobra\u017ani\u0105.<\/p>\n\n\n\n<p>Ka\u017cda praca powstaje jako starannie przemy\u015blana i dopracowana kompozycja, w kt\u00f3rej malarska wra\u017cliwo\u015b\u0107 spotyka si\u0119 z rysunkow\u0105 precyzj\u0105 i g\u0142\u0119bok\u0105 refleksj\u0105 nad natur\u0105 rzeczywisto\u015bci. Dzie\u0142a Masseliego stanowi\u0105 przyk\u0142ad wsp\u00f3\u0142czesnego realizmu magicznego o wyra\u017anie indywidualnym charakterze, przyci\u0105gaj\u0105c uwag\u0119 kolekcjoner\u00f3w poszukuj\u0105cych malarstwa o silnej, sugestywnej narracji wizualnej.<\/p>\n\n\n\n<p><strong>Kr\u00f3tkie bio<\/strong><\/p>\n\n\n\n<p><strong>Johannes Masseli<\/strong> jest malarzem, rysownikiem i tw\u00f3rc\u0105 witra\u017cy zwi\u0105zanym z nurtem realizmu magicznego. Pochodz\u0105cy ze \u015al\u0105ska artysta mieszka i pracuje we Frankfurcie nad Menem, tworz\u0105c oniryczne, pastelowe obrazy inspirowane przyrod\u0105, ludzkim cia\u0142em i kosmicznym porz\u0105dkiem \u015bwiata.<\/p>\n\n\n\n<p><strong>Artist statement<\/strong><\/p>\n\n\n\n<p>W swojej tw\u00f3rczo\u015bci Johannes Masseli buduje obrazy na pograniczu rzeczywisto\u015bci i wyobra\u017ani. Jego malarstwo wyrasta z tradycji realizmu magicznego, w kt\u00f3rym realne formy przenikaj\u0105 si\u0119 z poetyck\u0105 wizj\u0105 \u015bwiata, tworz\u0105c przestrze\u0144 dla refleksji i kontemplacji.<\/p>\n\n\n\n<p>Artysta inspiruje si\u0119 natur\u0105, ludzkim cia\u0142em oraz kosmicznym wymiarem istnienia. Motywy biologiczne, organiczne struktury i elementy pejza\u017cu pojawiaj\u0105 si\u0119 w jego pracach obok symbolicznych odniesie\u0144 do miejsca cz\u0142owieka w \u015bwiecie. Pastelowa, subtelna kolorystyka buduje atmosfer\u0119 spokoju i tajemnicy, jednocze\u015bnie wzmacniaj\u0105c emocjonaln\u0105 si\u0142\u0119 obraz\u00f3w.<\/p>\n\n\n\n<p>Ka\u017cda kompozycja powstaje jako starannie przemy\u015blany uk\u0142ad form, w kt\u00f3rym malarstwo, rysunek i wyobra\u017ania \u0142\u0105cz\u0105 si\u0119 w sp\u00f3jn\u0105, sugestywn\u0105 narracj\u0119 wizualn\u0105.<\/p>\n\n\n\n<p><\/p>\n\n\n\n<figure class=\"wp-block-gallery has-nested-images columns-default is-cropped wp-block-gallery-1 is-layout-flex wp-block-gallery-is-layout-flex\">\n<figure class=\"wp-block-image size-large\"><img loading=\"lazy\" decoding=\"async\" width=\"711\" height=\"1024\" data-id=\"2748\" src=\"https:\/\/artefakt.gallery\/wp-content\/uploads\/2026\/04\/JM-2025-5-711x1024.jpg\" alt=\"\" class=\"wp-image-2748\" srcset=\"https:\/\/artefakt.gallery\/wp-content\/uploads\/2026\/04\/JM-2025-5-711x1024.jpg 711w, https:\/\/artefakt.gallery\/wp-content\/uploads\/2026\/04\/JM-2025-5-208x300.jpg 208w, https:\/\/artefakt.gallery\/wp-content\/uploads\/2026\/04\/JM-2025-5-768x1106.jpg 768w, https:\/\/artefakt.gallery\/wp-content\/uploads\/2026\/04\/JM-2025-5-416x599.jpg 416w, https:\/\/artefakt.gallery\/wp-content\/uploads\/2026\/04\/JM-2025-5.jpg 776w\" sizes=\"auto, (max-width: 711px) 100vw, 711px\" \/><\/figure>\n\n\n\n<figure class=\"wp-block-image size-large\"><img loading=\"lazy\" decoding=\"async\" width=\"719\" height=\"1024\" data-id=\"2746\" src=\"https:\/\/artefakt.gallery\/wp-content\/uploads\/2026\/04\/JM-2025-7-719x1024.jpg\" alt=\"\" class=\"wp-image-2746\" srcset=\"https:\/\/artefakt.gallery\/wp-content\/uploads\/2026\/04\/JM-2025-7-719x1024.jpg 719w, https:\/\/artefakt.gallery\/wp-content\/uploads\/2026\/04\/JM-2025-7-211x300.jpg 211w, https:\/\/artefakt.gallery\/wp-content\/uploads\/2026\/04\/JM-2025-7-768x1094.jpg 768w, https:\/\/artefakt.gallery\/wp-content\/uploads\/2026\/04\/JM-2025-7-416x593.jpg 416w, https:\/\/artefakt.gallery\/wp-content\/uploads\/2026\/04\/JM-2025-7.jpg 838w\" sizes=\"auto, (max-width: 719px) 100vw, 719px\" \/><\/figure>\n\n\n\n<figure class=\"wp-block-image size-large\"><img loading=\"lazy\" decoding=\"async\" width=\"557\" height=\"831\" data-id=\"2750\" src=\"https:\/\/artefakt.gallery\/wp-content\/uploads\/2026\/04\/JM-2025-8.jpg\" alt=\"\" class=\"wp-image-2750\" srcset=\"https:\/\/artefakt.gallery\/wp-content\/uploads\/2026\/04\/JM-2025-8.jpg 557w, https:\/\/artefakt.gallery\/wp-content\/uploads\/2026\/04\/JM-2025-8-201x300.jpg 201w, https:\/\/artefakt.gallery\/wp-content\/uploads\/2026\/04\/JM-2025-8-416x621.jpg 416w\" sizes=\"auto, (max-width: 557px) 100vw, 557px\" \/><\/figure>\n\n\n\n<figure class=\"wp-block-image size-large\"><img loading=\"lazy\" decoding=\"async\" width=\"605\" height=\"806\" data-id=\"2745\" src=\"https:\/\/artefakt.gallery\/wp-content\/uploads\/2026\/04\/JM-2025-13.jpg\" alt=\"\" class=\"wp-image-2745\" srcset=\"https:\/\/artefakt.gallery\/wp-content\/uploads\/2026\/04\/JM-2025-13.jpg 605w, https:\/\/artefakt.gallery\/wp-content\/uploads\/2026\/04\/JM-2025-13-225x300.jpg 225w, https:\/\/artefakt.gallery\/wp-content\/uploads\/2026\/04\/JM-2025-13-416x554.jpg 416w\" sizes=\"auto, (max-width: 605px) 100vw, 605px\" \/><\/figure>\n\n\n\n<figure class=\"wp-block-image size-large\"><img loading=\"lazy\" decoding=\"async\" width=\"691\" height=\"1024\" data-id=\"2749\" src=\"https:\/\/artefakt.gallery\/wp-content\/uploads\/2026\/04\/JM-2025-14-691x1024.jpg\" alt=\"\" class=\"wp-image-2749\" srcset=\"https:\/\/artefakt.gallery\/wp-content\/uploads\/2026\/04\/JM-2025-14-691x1024.jpg 691w, https:\/\/artefakt.gallery\/wp-content\/uploads\/2026\/04\/JM-2025-14-202x300.jpg 202w, https:\/\/artefakt.gallery\/wp-content\/uploads\/2026\/04\/JM-2025-14-416x617.jpg 416w, https:\/\/artefakt.gallery\/wp-content\/uploads\/2026\/04\/JM-2025-14.jpg 707w\" sizes=\"auto, (max-width: 691px) 100vw, 691px\" \/><\/figure>\n\n\n\n<figure class=\"wp-block-image size-large\"><img loading=\"lazy\" decoding=\"async\" width=\"753\" height=\"1024\" data-id=\"2753\" src=\"https:\/\/artefakt.gallery\/wp-content\/uploads\/2026\/04\/JM-2025-15-753x1024.jpg\" alt=\"\" class=\"wp-image-2753\" srcset=\"https:\/\/artefakt.gallery\/wp-content\/uploads\/2026\/04\/JM-2025-15-753x1024.jpg 753w, https:\/\/artefakt.gallery\/wp-content\/uploads\/2026\/04\/JM-2025-15-221x300.jpg 221w, https:\/\/artefakt.gallery\/wp-content\/uploads\/2026\/04\/JM-2025-15-768x1045.jpg 768w, https:\/\/artefakt.gallery\/wp-content\/uploads\/2026\/04\/JM-2025-15-416x566.jpg 416w, https:\/\/artefakt.gallery\/wp-content\/uploads\/2026\/04\/JM-2025-15.jpg 813w\" sizes=\"auto, (max-width: 753px) 100vw, 753px\" \/><\/figure>\n\n\n\n<figure class=\"wp-block-image size-large\"><img loading=\"lazy\" decoding=\"async\" width=\"450\" height=\"1024\" data-id=\"2752\" src=\"https:\/\/artefakt.gallery\/wp-content\/uploads\/2026\/04\/JM-2025-16-450x1024.jpg\" alt=\"\" class=\"wp-image-2752\" srcset=\"https:\/\/artefakt.gallery\/wp-content\/uploads\/2026\/04\/JM-2025-16-450x1024.jpg 450w, https:\/\/artefakt.gallery\/wp-content\/uploads\/2026\/04\/JM-2025-16-132x300.jpg 132w, https:\/\/artefakt.gallery\/wp-content\/uploads\/2026\/04\/JM-2025-16-416x947.jpg 416w, https:\/\/artefakt.gallery\/wp-content\/uploads\/2026\/04\/JM-2025-16.jpg 561w\" sizes=\"auto, (max-width: 450px) 100vw, 450px\" \/><\/figure>\n\n\n\n<figure class=\"wp-block-image size-large\"><img loading=\"lazy\" decoding=\"async\" width=\"778\" height=\"985\" data-id=\"2754\" src=\"https:\/\/artefakt.gallery\/wp-content\/uploads\/2026\/04\/JM2.jpg\" alt=\"\" class=\"wp-image-2754\" srcset=\"https:\/\/artefakt.gallery\/wp-content\/uploads\/2026\/04\/JM2.jpg 778w, https:\/\/artefakt.gallery\/wp-content\/uploads\/2026\/04\/JM2-237x300.jpg 237w, https:\/\/artefakt.gallery\/wp-content\/uploads\/2026\/04\/JM2-768x972.jpg 768w, https:\/\/artefakt.gallery\/wp-content\/uploads\/2026\/04\/JM2-416x527.jpg 416w\" sizes=\"auto, (max-width: 778px) 100vw, 778px\" \/><\/figure>\n\n\n\n<figure class=\"wp-block-image size-large\"><img loading=\"lazy\" decoding=\"async\" width=\"703\" height=\"1024\" data-id=\"2744\" src=\"https:\/\/artefakt.gallery\/wp-content\/uploads\/2026\/04\/JM3-703x1024.jpg\" alt=\"\" class=\"wp-image-2744\" srcset=\"https:\/\/artefakt.gallery\/wp-content\/uploads\/2026\/04\/JM3-703x1024.jpg 703w, https:\/\/artefakt.gallery\/wp-content\/uploads\/2026\/04\/JM3-206x300.jpg 206w, https:\/\/artefakt.gallery\/wp-content\/uploads\/2026\/04\/JM3-768x1119.jpg 768w, https:\/\/artefakt.gallery\/wp-content\/uploads\/2026\/04\/JM3-416x606.jpg 416w, https:\/\/artefakt.gallery\/wp-content\/uploads\/2026\/04\/JM3.jpg 795w\" sizes=\"auto, (max-width: 703px) 100vw, 703px\" \/><\/figure>\n\n\n\n<figure class=\"wp-block-image size-large\"><img loading=\"lazy\" decoding=\"async\" width=\"725\" height=\"987\" data-id=\"2755\" src=\"https:\/\/artefakt.gallery\/wp-content\/uploads\/2026\/04\/JM4.jpg\" alt=\"\" class=\"wp-image-2755\" srcset=\"https:\/\/artefakt.gallery\/wp-content\/uploads\/2026\/04\/JM4.jpg 725w, https:\/\/artefakt.gallery\/wp-content\/uploads\/2026\/04\/JM4-220x300.jpg 220w, https:\/\/artefakt.gallery\/wp-content\/uploads\/2026\/04\/JM4-416x566.jpg 416w\" sizes=\"auto, (max-width: 725px) 100vw, 725px\" \/><\/figure>\n\n\n\n<figure class=\"wp-block-image size-large\"><img loading=\"lazy\" decoding=\"async\" width=\"653\" height=\"1024\" data-id=\"2747\" src=\"https:\/\/artefakt.gallery\/wp-content\/uploads\/2026\/04\/JM5-653x1024.jpg\" alt=\"\" class=\"wp-image-2747\" srcset=\"https:\/\/artefakt.gallery\/wp-content\/uploads\/2026\/04\/JM5-653x1024.jpg 653w, https:\/\/artefakt.gallery\/wp-content\/uploads\/2026\/04\/JM5-191x300.jpg 191w, https:\/\/artefakt.gallery\/wp-content\/uploads\/2026\/04\/JM5-416x652.jpg 416w, https:\/\/artefakt.gallery\/wp-content\/uploads\/2026\/04\/JM5.jpg 763w\" sizes=\"auto, (max-width: 653px) 100vw, 653px\" \/><\/figure>\n\n\n\n<figure class=\"wp-block-image size-large\"><img loading=\"lazy\" decoding=\"async\" width=\"536\" height=\"1024\" data-id=\"2751\" src=\"https:\/\/artefakt.gallery\/wp-content\/uploads\/2026\/04\/JM6-536x1024.jpg\" alt=\"\" class=\"wp-image-2751\" srcset=\"https:\/\/artefakt.gallery\/wp-content\/uploads\/2026\/04\/JM6-536x1024.jpg 536w, https:\/\/artefakt.gallery\/wp-content\/uploads\/2026\/04\/JM6-157x300.jpg 157w, https:\/\/artefakt.gallery\/wp-content\/uploads\/2026\/04\/JM6-416x794.jpg 416w, https:\/\/artefakt.gallery\/wp-content\/uploads\/2026\/04\/JM6.jpg 724w\" sizes=\"auto, (max-width: 536px) 100vw, 536px\" \/><\/figure>\n<\/figure>\n","protected":false},"excerpt":{"rendered":"<p>Johannes Masseli jest malarzem, rysownikiem oraz tw\u00f3rc\u0105 witra\u017cy, kt\u00f3rego tw\u00f3rczo\u015b\u0107 rozwija si\u0119 na pograniczu realizmu magicznego i poetyckiej wizji \u015bwiata. Pochodz\u0105cy ze \u015al\u0105ska artysta mieszka i pracuje we Frankfurcie nad Menem, gdzie od lat konsekwentnie buduje rozpoznawalny, autorski j\u0119zyk malarski. Jego obrazy wyr\u00f3\u017cniaj\u0105 si\u0119 subteln\u0105, pastelow\u0105 palet\u0105 oraz niezwyk\u0142\u0105 precyzj\u0105 kompozycyjn\u0105. Delikatna, niemal oniryczna atmosfera [&hellip;]<\/p>\n","protected":false},"author":1,"featured_media":0,"parent":2684,"menu_order":0,"comment_status":"closed","ping_status":"closed","template":"","meta":{"footnotes":""},"class_list":["post-2689","page","type-page","status-publish","hentry"],"_links":{"self":[{"href":"https:\/\/artefakt.gallery\/pl\/wp-json\/wp\/v2\/pages\/2689","targetHints":{"allow":["GET"]}}],"collection":[{"href":"https:\/\/artefakt.gallery\/pl\/wp-json\/wp\/v2\/pages"}],"about":[{"href":"https:\/\/artefakt.gallery\/pl\/wp-json\/wp\/v2\/types\/page"}],"author":[{"embeddable":true,"href":"https:\/\/artefakt.gallery\/pl\/wp-json\/wp\/v2\/users\/1"}],"replies":[{"embeddable":true,"href":"https:\/\/artefakt.gallery\/pl\/wp-json\/wp\/v2\/comments?post=2689"}],"version-history":[{"count":4,"href":"https:\/\/artefakt.gallery\/pl\/wp-json\/wp\/v2\/pages\/2689\/revisions"}],"predecessor-version":[{"id":2758,"href":"https:\/\/artefakt.gallery\/pl\/wp-json\/wp\/v2\/pages\/2689\/revisions\/2758"}],"up":[{"embeddable":true,"href":"https:\/\/artefakt.gallery\/pl\/wp-json\/wp\/v2\/pages\/2684"}],"wp:attachment":[{"href":"https:\/\/artefakt.gallery\/pl\/wp-json\/wp\/v2\/media?parent=2689"}],"curies":[{"name":"wp","href":"https:\/\/api.w.org\/{rel}","templated":true}]}}