{"id":1523,"date":"2022-07-06T16:00:43","date_gmt":"2022-07-06T14:00:43","guid":{"rendered":"https:\/\/artefakt.gallery\/home\/"},"modified":"2026-03-14T12:57:50","modified_gmt":"2026-03-14T11:57:50","slug":"home","status":"publish","type":"page","link":"https:\/\/artefakt.gallery\/pl\/","title":{"rendered":"Strona G\u0142\u00f3wna"},"content":{"rendered":"\n<header class=\"wp-block-group woocommerce-products-header\"><div class=\"wp-block-group__inner-container is-layout-flow wp-block-group-is-layout-flow\">\n<h1 class=\"wp-block-heading heading__chosenArt\">Wybrane dzie\u0142a<\/h1>\n\n\n<div class=\"woocommerce columns-4 \"><ul class=\"products columns-4\">\n<li class=\"product type-product post-2385 status-publish first instock product_cat-dzien-matki product_cat-slub product_cat-talerze-ze-szkla-artystycznego product_cat-urodziny product_cat-walentynki has-post-thumbnail featured shipping-taxable purchasable product-type-simple\">\n\t<a href=\"https:\/\/artefakt.gallery\/pl\/produkt\/przeplyw-zen\/\" class=\"woocommerce-LoopProduct-link woocommerce-loop-product__link\"><img loading=\"lazy\" decoding=\"async\" width=\"324\" height=\"324\" src=\"https:\/\/artefakt.gallery\/wp-content\/uploads\/2022\/06\/U0B3302-copy-324x324.jpg\" class=\"attachment-woocommerce_thumbnail size-woocommerce_thumbnail\" alt=\"zen flow\" srcset=\"https:\/\/artefakt.gallery\/wp-content\/uploads\/2022\/06\/U0B3302-copy-324x324.jpg 324w, https:\/\/artefakt.gallery\/wp-content\/uploads\/2022\/06\/U0B3302-copy-300x300.jpg 300w, https:\/\/artefakt.gallery\/wp-content\/uploads\/2022\/06\/U0B3302-copy-1024x1024.jpg 1024w, https:\/\/artefakt.gallery\/wp-content\/uploads\/2022\/06\/U0B3302-copy-150x150.jpg 150w, https:\/\/artefakt.gallery\/wp-content\/uploads\/2022\/06\/U0B3302-copy-768x768.jpg 768w, https:\/\/artefakt.gallery\/wp-content\/uploads\/2022\/06\/U0B3302-copy-1536x1536.jpg 1536w, https:\/\/artefakt.gallery\/wp-content\/uploads\/2022\/06\/U0B3302-copy-416x416.jpg 416w, https:\/\/artefakt.gallery\/wp-content\/uploads\/2022\/06\/U0B3302-copy-100x100.jpg 100w, https:\/\/artefakt.gallery\/wp-content\/uploads\/2022\/06\/U0B3302-copy.jpg 1920w\" sizes=\"auto, (max-width: 324px) 100vw, 324px\" \/><h2 class=\"woocommerce-loop-product__title\">przep\u0142yw zen<\/h2>\n\t<span class=\"price\"><span class=\"woocommerce-Price-amount amount\"><bdi>1800,00&nbsp;<span class=\"woocommerce-Price-currencySymbol\">&euro;<\/span><\/bdi><\/span><\/span>\n<\/a><a href=\"https:\/\/artefakt.gallery\/pl\/produkt\/przeplyw-zen\/\" class=\"button addtocartbutton\">View Product<\/a><\/li>\n<li class=\"product type-product post-2253 status-publish instock product_cat-dzien-ojca product_cat-emerytura product_cat-narodziny product_cat-podziekowania product_cat-rozpoczecie-nowej-dzialalnosci product_cat-talerze-ze-szkla-artystycznego product_cat-urodziny has-post-thumbnail featured shipping-taxable purchasable product-type-simple\">\n\t<a href=\"https:\/\/artefakt.gallery\/pl\/produkt\/podroz-wikinga\/\" class=\"woocommerce-LoopProduct-link woocommerce-loop-product__link\"><img loading=\"lazy\" decoding=\"async\" width=\"324\" height=\"324\" src=\"https:\/\/artefakt.gallery\/wp-content\/uploads\/2022\/06\/U0B3249-copy-324x324.jpg\" class=\"attachment-woocommerce_thumbnail size-woocommerce_thumbnail\" alt=\"vikings ride\" srcset=\"https:\/\/artefakt.gallery\/wp-content\/uploads\/2022\/06\/U0B3249-copy-324x324.jpg 324w, https:\/\/artefakt.gallery\/wp-content\/uploads\/2022\/06\/U0B3249-copy-150x150.jpg 150w, https:\/\/artefakt.gallery\/wp-content\/uploads\/2022\/06\/U0B3249-copy-100x100.jpg 100w\" sizes=\"auto, (max-width: 324px) 100vw, 324px\" \/><h2 class=\"woocommerce-loop-product__title\">Podr\u00f3\u017c Wikinga<\/h2>\n\t<span class=\"price\"><span class=\"woocommerce-Price-amount amount\"><bdi>1900,00&nbsp;<span class=\"woocommerce-Price-currencySymbol\">&euro;<\/span><\/bdi><\/span><\/span>\n<\/a><a href=\"https:\/\/artefakt.gallery\/pl\/produkt\/podroz-wikinga\/\" class=\"button addtocartbutton\">View Product<\/a><\/li>\n<li class=\"product type-product post-2243 status-publish instock product_cat-boze-narodzenie product_cat-dzien-matki product_cat-emerytura product_cat-rocznica product_cat-slub product_cat-talerze-ze-szkla-artystycznego product_cat-urodziny product_cat-walentynki product_cat-wielkanoc has-post-thumbnail featured shipping-taxable purchasable product-type-simple\">\n\t<a href=\"https:\/\/artefakt.gallery\/pl\/produkt\/taniec-wiru\/\" class=\"woocommerce-LoopProduct-link woocommerce-loop-product__link\"><img loading=\"lazy\" decoding=\"async\" width=\"324\" height=\"324\" src=\"https:\/\/artefakt.gallery\/wp-content\/uploads\/2022\/06\/FOT01111-324x324.jpg\" class=\"attachment-woocommerce_thumbnail size-woocommerce_thumbnail\" alt=\"whirpool dance\" srcset=\"https:\/\/artefakt.gallery\/wp-content\/uploads\/2022\/06\/FOT01111-324x324.jpg 324w, https:\/\/artefakt.gallery\/wp-content\/uploads\/2022\/06\/FOT01111-300x300.jpg 300w, https:\/\/artefakt.gallery\/wp-content\/uploads\/2022\/06\/FOT01111-1024x1024.jpg 1024w, https:\/\/artefakt.gallery\/wp-content\/uploads\/2022\/06\/FOT01111-150x150.jpg 150w, https:\/\/artefakt.gallery\/wp-content\/uploads\/2022\/06\/FOT01111-768x768.jpg 768w, https:\/\/artefakt.gallery\/wp-content\/uploads\/2022\/06\/FOT01111-1536x1536.jpg 1536w, https:\/\/artefakt.gallery\/wp-content\/uploads\/2022\/06\/FOT01111-416x416.jpg 416w, https:\/\/artefakt.gallery\/wp-content\/uploads\/2022\/06\/FOT01111-100x100.jpg 100w, https:\/\/artefakt.gallery\/wp-content\/uploads\/2022\/06\/FOT01111.jpg 1920w\" sizes=\"auto, (max-width: 324px) 100vw, 324px\" \/><h2 class=\"woocommerce-loop-product__title\">taniec wiru<\/h2>\n\t<span class=\"price\"><span class=\"woocommerce-Price-amount amount\"><bdi>2300,00&nbsp;<span class=\"woocommerce-Price-currencySymbol\">&euro;<\/span><\/bdi><\/span><\/span>\n<\/a><a href=\"https:\/\/artefakt.gallery\/pl\/produkt\/taniec-wiru\/\" class=\"button addtocartbutton\">View Product<\/a><\/li>\n<li class=\"product type-product post-2238 status-publish last instock product_cat-boze-narodzenie product_cat-dzien-matki product_cat-dzien-ojca product_cat-emerytura product_cat-rocznica product_cat-rzezba product_cat-urodziny product_cat-walentynki has-post-thumbnail featured shipping-taxable purchasable product-type-simple\">\n\t<a href=\"https:\/\/artefakt.gallery\/pl\/produkt\/pletwa-wieloryba\/\" class=\"woocommerce-LoopProduct-link woocommerce-loop-product__link\"><img loading=\"lazy\" decoding=\"async\" width=\"324\" height=\"324\" src=\"https:\/\/artefakt.gallery\/wp-content\/uploads\/2022\/06\/whale-fin-12-324x324.jpg\" class=\"attachment-woocommerce_thumbnail size-woocommerce_thumbnail\" alt=\"p\u0142etwa wieloryba\" srcset=\"https:\/\/artefakt.gallery\/wp-content\/uploads\/2022\/06\/whale-fin-12-324x324.jpg 324w, https:\/\/artefakt.gallery\/wp-content\/uploads\/2022\/06\/whale-fin-12-300x300.jpg 300w, https:\/\/artefakt.gallery\/wp-content\/uploads\/2022\/06\/whale-fin-12-150x150.jpg 150w, https:\/\/artefakt.gallery\/wp-content\/uploads\/2022\/06\/whale-fin-12-768x768.jpg 768w, https:\/\/artefakt.gallery\/wp-content\/uploads\/2022\/06\/whale-fin-12-416x416.jpg 416w, https:\/\/artefakt.gallery\/wp-content\/uploads\/2022\/06\/whale-fin-12-100x100.jpg 100w, https:\/\/artefakt.gallery\/wp-content\/uploads\/2022\/06\/whale-fin-12.jpg 1000w\" sizes=\"auto, (max-width: 324px) 100vw, 324px\" \/><h2 class=\"woocommerce-loop-product__title\">p\u0142etwa wieloryba<\/h2>\n\t<span class=\"price\"><span class=\"woocommerce-Price-amount amount\"><bdi>2600,00&nbsp;<span class=\"woocommerce-Price-currencySymbol\">&euro;<\/span><\/bdi><\/span><\/span>\n<\/a><a href=\"https:\/\/artefakt.gallery\/pl\/produkt\/pletwa-wieloryba\/\" class=\"button addtocartbutton\">View Product<\/a><\/li>\n<li class=\"product type-product post-2236 status-publish first instock product_cat-podziekowania product_cat-slub product_cat-talerze-ze-szkla-artystycznego product_cat-urodziny has-post-thumbnail featured shipping-taxable purchasable product-type-simple\">\n\t<a href=\"https:\/\/artefakt.gallery\/pl\/produkt\/fioletowe-wrzeciono\/\" class=\"woocommerce-LoopProduct-link woocommerce-loop-product__link\"><img loading=\"lazy\" decoding=\"async\" width=\"324\" height=\"324\" src=\"https:\/\/artefakt.gallery\/wp-content\/uploads\/2022\/06\/AU0B2268-324x324.jpg\" class=\"attachment-woocommerce_thumbnail size-woocommerce_thumbnail\" alt=\"violet spindle\" srcset=\"https:\/\/artefakt.gallery\/wp-content\/uploads\/2022\/06\/AU0B2268-324x324.jpg 324w, https:\/\/artefakt.gallery\/wp-content\/uploads\/2022\/06\/AU0B2268-150x150.jpg 150w, https:\/\/artefakt.gallery\/wp-content\/uploads\/2022\/06\/AU0B2268-100x100.jpg 100w\" sizes=\"auto, (max-width: 324px) 100vw, 324px\" \/><h2 class=\"woocommerce-loop-product__title\">fioletowe wrzeciono<\/h2>\n\t<span class=\"price\"><span class=\"woocommerce-Price-amount amount\"><bdi>700,00&nbsp;<span class=\"woocommerce-Price-currencySymbol\">&euro;<\/span><\/bdi><\/span><\/span>\n<\/a><a href=\"https:\/\/artefakt.gallery\/pl\/produkt\/fioletowe-wrzeciono\/\" class=\"button addtocartbutton\">View Product<\/a><\/li>\n<li class=\"product type-product post-2234 status-publish instock product_cat-boze-narodzenie product_cat-dzien-matki product_cat-emerytura product_cat-rocznica product_cat-talerze-ze-szkla-artystycznego product_cat-urodziny product_cat-walentynki product_cat-wielkanoc product_cat-zareczyny has-post-thumbnail featured shipping-taxable purchasable product-type-simple\">\n\t<a href=\"https:\/\/artefakt.gallery\/pl\/produkt\/wulkaniczny-kwiat\/\" class=\"woocommerce-LoopProduct-link woocommerce-loop-product__link\"><img loading=\"lazy\" decoding=\"async\" width=\"324\" height=\"324\" src=\"https:\/\/artefakt.gallery\/wp-content\/uploads\/2022\/06\/AU0B1940cb-324x324.jpg\" class=\"attachment-woocommerce_thumbnail size-woocommerce_thumbnail\" alt=\"vulcanic flower\" srcset=\"https:\/\/artefakt.gallery\/wp-content\/uploads\/2022\/06\/AU0B1940cb-324x324.jpg 324w, https:\/\/artefakt.gallery\/wp-content\/uploads\/2022\/06\/AU0B1940cb-150x150.jpg 150w, https:\/\/artefakt.gallery\/wp-content\/uploads\/2022\/06\/AU0B1940cb-100x100.jpg 100w\" sizes=\"auto, (max-width: 324px) 100vw, 324px\" \/><h2 class=\"woocommerce-loop-product__title\">wulkaniczny kwiat<\/h2>\n\t<span class=\"price\"><span class=\"woocommerce-Price-amount amount\"><bdi>1600,00&nbsp;<span class=\"woocommerce-Price-currencySymbol\">&euro;<\/span><\/bdi><\/span><\/span>\n<\/a><a href=\"https:\/\/artefakt.gallery\/pl\/produkt\/wulkaniczny-kwiat\/\" class=\"button addtocartbutton\">View Product<\/a><\/li>\n<li class=\"product type-product post-2232 status-publish instock product_cat-dzien-ojca product_cat-narodziny product_cat-rozpoczecie-nowej-dzialalnosci product_cat-talerze-ze-szkla-artystycznego product_cat-urodziny has-post-thumbnail featured shipping-taxable purchasable product-type-simple\">\n\t<a href=\"https:\/\/artefakt.gallery\/pl\/produkt\/lodzie-zen\/\" class=\"woocommerce-LoopProduct-link woocommerce-loop-product__link\"><img loading=\"lazy\" decoding=\"async\" width=\"324\" height=\"324\" src=\"https:\/\/artefakt.gallery\/wp-content\/uploads\/2022\/06\/AU0B8715-324x324.jpg\" class=\"attachment-woocommerce_thumbnail size-woocommerce_thumbnail\" alt=\"\u0141odzie zen\" srcset=\"https:\/\/artefakt.gallery\/wp-content\/uploads\/2022\/06\/AU0B8715-324x324.jpg 324w, https:\/\/artefakt.gallery\/wp-content\/uploads\/2022\/06\/AU0B8715-150x150.jpg 150w, https:\/\/artefakt.gallery\/wp-content\/uploads\/2022\/06\/AU0B8715-100x100.jpg 100w\" sizes=\"auto, (max-width: 324px) 100vw, 324px\" \/><h2 class=\"woocommerce-loop-product__title\">\u0141odzie zen<\/h2>\n\t<span class=\"price\"><span class=\"woocommerce-Price-amount amount\"><bdi>1700,00&nbsp;<span class=\"woocommerce-Price-currencySymbol\">&euro;<\/span><\/bdi><\/span><\/span>\n<\/a><a href=\"https:\/\/artefakt.gallery\/pl\/produkt\/lodzie-zen\/\" class=\"button addtocartbutton\">View Product<\/a><\/li>\n<li class=\"product type-product post-1584 status-publish last instock product_cat-dekoracje-scienne product_cat-urodziny has-post-thumbnail featured shipping-taxable purchasable product-type-simple\">\n\t<a href=\"https:\/\/artefakt.gallery\/pl\/produkt\/kobieta-tors\/\" class=\"woocommerce-LoopProduct-link woocommerce-loop-product__link\"><img loading=\"lazy\" decoding=\"async\" width=\"324\" height=\"324\" src=\"https:\/\/artefakt.gallery\/wp-content\/uploads\/2022\/06\/AU0B2721-1-324x324.jpg\" class=\"attachment-woocommerce_thumbnail size-woocommerce_thumbnail\" alt=\"woman torso\" srcset=\"https:\/\/artefakt.gallery\/wp-content\/uploads\/2022\/06\/AU0B2721-1-324x324.jpg 324w, https:\/\/artefakt.gallery\/wp-content\/uploads\/2022\/06\/AU0B2721-1-150x150.jpg 150w, https:\/\/artefakt.gallery\/wp-content\/uploads\/2022\/06\/AU0B2721-1-100x100.jpg 100w\" sizes=\"auto, (max-width: 324px) 100vw, 324px\" \/><h2 class=\"woocommerce-loop-product__title\">kobieta &#8211; tors<\/h2>\n\t<span class=\"price\"><span class=\"woocommerce-Price-amount amount\"><bdi>1700,00&nbsp;<span class=\"woocommerce-Price-currencySymbol\">&euro;<\/span><\/bdi><\/span><\/span>\n<\/a><a href=\"https:\/\/artefakt.gallery\/pl\/produkt\/kobieta-tors\/\" class=\"button addtocartbutton\">View Product<\/a><\/li>\n<\/ul>\n<\/div>\n<\/div><\/header>\n\n\n\n<div class=\"wp-block-columns homePage__seo is-layout-flex wp-container-core-columns-is-layout-28f84493 wp-block-columns-is-layout-flex\">\n<div class=\"wp-block-column homePage__seo__image is-layout-flow wp-block-column-is-layout-flow\">\n<figure class=\"wp-block-image size-large\"><img loading=\"lazy\" decoding=\"async\" width=\"1024\" height=\"914\" src=\"https:\/\/artefakt.gallery\/wp-content\/uploads\/2026\/03\/homepage-1024x914.jpg\" alt=\"\" class=\"wp-image-2429\" srcset=\"https:\/\/artefakt.gallery\/wp-content\/uploads\/2026\/03\/homepage-1024x914.jpg 1024w, https:\/\/artefakt.gallery\/wp-content\/uploads\/2026\/03\/homepage-300x268.jpg 300w, https:\/\/artefakt.gallery\/wp-content\/uploads\/2026\/03\/homepage-768x686.jpg 768w, https:\/\/artefakt.gallery\/wp-content\/uploads\/2026\/03\/homepage-416x371.jpg 416w, https:\/\/artefakt.gallery\/wp-content\/uploads\/2026\/03\/homepage.jpg 1280w\" sizes=\"auto, (max-width: 1024px) 100vw, 1024px\" \/><\/figure>\n<\/div>\n\n\n\n<div class=\"wp-block-column homePage__seo__text is-layout-flow wp-block-column-is-layout-flow\">\n<h3 class=\"wp-block-heading\">Nasza filozofia<\/h3>\n\n\n\n<p>Misj\u0105 Artefakt Gallery jest stworzenie platformy, w kt\u00f3rej sztuka spotyka si\u0119 z \u017cyciem codziennym. Pragniemy podzieli\u0107 si\u0119 naszym do\u015bwiadczeniem w tworzeniu wysokiej klasy element\u00f3w wyposa\u017cenia wn\u0119trz, dostosowanych do Pa\u0144stwa indywidualnych potrzeb. Ekskluzywne szklane dekoracje stanowi\u0105 wyrafinowany dodatek do domu lub biura. Szklane, kryszta\u0142owe czy ceramiczne rze\u017aby przywo\u0142aj\u0105 wspomnienia z ulubionej galerii \u2013 tym razem skomponowane przez Ciebie. Nasze dekoracje pomog\u0105 Ci urzeczywistni\u0107 najbardziej unikalne pomys\u0142y na aran\u017cacj\u0119 wn\u0119trz. Jeste\u015bmy dumni, mog\u0105c tworzy\u0107 te przedmioty z my\u015bl\u0105 o Tobie. Wierzymy, \u017ce stan\u0105 si\u0119 one czym\u015b wyj\u0105tkowym dla swoich w\u0142a\u015bcicieli.<\/p>\n<\/div>\n<\/div>\n","protected":false},"excerpt":{"rendered":"<p>Wybrane dzie\u0142a Nasza filozofia Misj\u0105 Artefakt Gallery jest stworzenie platformy, w kt\u00f3rej sztuka spotyka si\u0119 z \u017cyciem codziennym. Pragniemy podzieli\u0107 si\u0119 naszym do\u015bwiadczeniem w tworzeniu wysokiej klasy element\u00f3w wyposa\u017cenia wn\u0119trz, dostosowanych do Pa\u0144stwa indywidualnych potrzeb. Ekskluzywne szklane dekoracje stanowi\u0105 wyrafinowany dodatek do domu lub biura. Szklane, kryszta\u0142owe czy ceramiczne rze\u017aby przywo\u0142aj\u0105 wspomnienia z ulubionej galerii [&hellip;]<\/p>\n","protected":false},"author":1,"featured_media":0,"parent":0,"menu_order":0,"comment_status":"closed","ping_status":"closed","template":"page-home-pl.php","meta":{"footnotes":""},"class_list":["post-1523","page","type-page","status-publish","hentry"],"_links":{"self":[{"href":"https:\/\/artefakt.gallery\/pl\/wp-json\/wp\/v2\/pages\/1523","targetHints":{"allow":["GET"]}}],"collection":[{"href":"https:\/\/artefakt.gallery\/pl\/wp-json\/wp\/v2\/pages"}],"about":[{"href":"https:\/\/artefakt.gallery\/pl\/wp-json\/wp\/v2\/types\/page"}],"author":[{"embeddable":true,"href":"https:\/\/artefakt.gallery\/pl\/wp-json\/wp\/v2\/users\/1"}],"replies":[{"embeddable":true,"href":"https:\/\/artefakt.gallery\/pl\/wp-json\/wp\/v2\/comments?post=1523"}],"version-history":[{"count":6,"href":"https:\/\/artefakt.gallery\/pl\/wp-json\/wp\/v2\/pages\/1523\/revisions"}],"predecessor-version":[{"id":2430,"href":"https:\/\/artefakt.gallery\/pl\/wp-json\/wp\/v2\/pages\/1523\/revisions\/2430"}],"wp:attachment":[{"href":"https:\/\/artefakt.gallery\/pl\/wp-json\/wp\/v2\/media?parent=1523"}],"curies":[{"name":"wp","href":"https:\/\/api.w.org\/{rel}","templated":true}]}}