{"id":1429,"date":"2026-02-18T12:24:43","date_gmt":"2026-02-18T11:24:43","guid":{"rendered":"http:\/\/artefakt.gallery\/?page_id=1429"},"modified":"2026-04-03T12:32:00","modified_gmt":"2026-04-03T10:32:00","slug":"blog","status":"publish","type":"page","link":"https:\/\/artefakt.gallery\/pl\/blog\/","title":{"rendered":"Blog"},"content":{"rendered":"\n<div class=\"wp-block-columns blog-center is-layout-flex wp-container-core-columns-is-layout-28f84493 wp-block-columns-is-layout-flex\">\n<div class=\"wp-block-column is-layout-flow wp-block-column-is-layout-flow\" style=\"flex-basis:70%\"><ul class=\"wp-block-latest-posts__list wp-block-latest-posts\"><li><div class=\"wp-block-latest-posts__featured-image\"><img loading=\"lazy\" decoding=\"async\" width=\"980\" height=\"737\" src=\"https:\/\/artefakt.gallery\/wp-content\/uploads\/2026\/02\/Untitled-1-2-1024x770.jpg\" class=\"attachment-large size-large wp-post-image\" alt=\"\" style=\"\" srcset=\"https:\/\/artefakt.gallery\/wp-content\/uploads\/2026\/02\/Untitled-1-2-1024x770.jpg 1024w, https:\/\/artefakt.gallery\/wp-content\/uploads\/2026\/02\/Untitled-1-2-300x225.jpg 300w, https:\/\/artefakt.gallery\/wp-content\/uploads\/2026\/02\/Untitled-1-2-768x577.jpg 768w, https:\/\/artefakt.gallery\/wp-content\/uploads\/2026\/02\/Untitled-1-2-1536x1154.jpg 1536w, https:\/\/artefakt.gallery\/wp-content\/uploads\/2026\/02\/Untitled-1-2-416x313.jpg 416w, https:\/\/artefakt.gallery\/wp-content\/uploads\/2026\/02\/Untitled-1-2.jpg 1920w\" sizes=\"auto, (max-width: 980px) 100vw, 980px\" \/><\/div><a class=\"wp-block-latest-posts__post-title\" href=\"https:\/\/artefakt.gallery\/pl\/2026\/04\/01\/szklo-we-wnetrzu-swiatlo-jako-narzedzie-projektowe\/\">Szk\u0142o we wn\u0119trzu: \u015bwiat\u0142o jako narz\u0119dzie projektowe<\/a><div class=\"wp-block-latest-posts__post-excerpt\">Wsp\u00f3\u0142czesna architektura wn\u0119trz coraz cz\u0119\u015bciej odchodzi od traktowania materia\u0142\u00f3w wy\u0142\u0105cznie w kategoriach funkcjonalnych. Szk\u0142o \u2013 szczeg\u00f3lnie szk\u0142o artystyczne \u2013 przestaje by\u0107 jedynie elementem wyko\u0144czeniowym, a staje si\u0119 aktywnym narz\u0119dziem projektowym. Jego najwi\u0119kszym potencja\u0142em jest zdolno\u015b\u0107 pracy ze \u015bwiat\u0142em. To w\u0142a\u015bnie \u015bwiat\u0142o \u2013 naturalne i sztuczne \u2013 definiuje spos\u00f3b, w jaki odbieramy przestrze\u0144. Odpowiednio zaprojektowane, mo\u017ce\u2026 <a class=\"wp-block-latest-posts__read-more\" href=\"https:\/\/artefakt.gallery\/pl\/2026\/04\/01\/szklo-we-wnetrzu-swiatlo-jako-narzedzie-projektowe\/\" rel=\"noopener noreferrer\">Dowiedz si\u0119 wi\u0119cej<span class=\"screen-reader-text\">: Szk\u0142o we wn\u0119trzu: \u015bwiat\u0142o jako narz\u0119dzie projektowe<\/span><\/a><\/div><\/li>\n<li><div class=\"wp-block-latest-posts__featured-image\"><img loading=\"lazy\" decoding=\"async\" width=\"980\" height=\"574\" src=\"https:\/\/artefakt.gallery\/wp-content\/uploads\/2026\/03\/blat-1024x600.jpg\" class=\"attachment-large size-large wp-post-image\" alt=\"\" style=\"\" srcset=\"https:\/\/artefakt.gallery\/wp-content\/uploads\/2026\/03\/blat-1024x600.jpg 1024w, https:\/\/artefakt.gallery\/wp-content\/uploads\/2026\/03\/blat-300x176.jpg 300w, https:\/\/artefakt.gallery\/wp-content\/uploads\/2026\/03\/blat-768x450.jpg 768w, https:\/\/artefakt.gallery\/wp-content\/uploads\/2026\/03\/blat-416x244.jpg 416w, https:\/\/artefakt.gallery\/wp-content\/uploads\/2026\/03\/blat.jpg 1117w\" sizes=\"auto, (max-width: 980px) 100vw, 980px\" \/><\/div><a class=\"wp-block-latest-posts__post-title\" href=\"https:\/\/artefakt.gallery\/pl\/2026\/03\/13\/fused-glass-countertops-a-growing-trend-in-interior-design\/\">Blaty szklane ze szk\u0142a fusingowego \u2013 rosn\u0105cy trend w projektowaniu wn\u0119trz<\/a><div class=\"wp-block-latest-posts__post-excerpt\">Nowa jako\u015b\u0107 w pracy architekta i projektanta wn\u0119trz Wsp\u00f3\u0142czesne projektowanie wn\u0119trz coraz cz\u0119\u015bciej si\u0119ga po materia\u0142y unikatowe, personalizowane i wyraziste, kt\u00f3re pozwalaj\u0105 wyr\u00f3\u017cni\u0107 realizacj\u0119 na tle powtarzalnych aran\u017cacji. Jednym z najszybciej rozwijaj\u0105cych si\u0119 trend\u00f3w s\u0105 blaty szklane ze szk\u0142a fusingowego, \u0142\u0105cz\u0105ce nowoczesn\u0105 estetyk\u0119, rzemios\u0142o artystyczne i pe\u0142n\u0105 swobod\u0119 projektow\u0105. Dla architekt\u00f3w i projektant\u00f3w wn\u0119trz szk\u0142o\u2026 <a class=\"wp-block-latest-posts__read-more\" href=\"https:\/\/artefakt.gallery\/pl\/2026\/03\/13\/fused-glass-countertops-a-growing-trend-in-interior-design\/\" rel=\"noopener noreferrer\">Dowiedz si\u0119 wi\u0119cej<span class=\"screen-reader-text\">: Blaty szklane ze szk\u0142a fusingowego \u2013 rosn\u0105cy trend w projektowaniu wn\u0119trz<\/span><\/a><\/div><\/li>\n<\/ul><\/div>\n<\/div>\n","protected":false},"excerpt":{"rendered":"","protected":false},"author":1,"featured_media":0,"parent":0,"menu_order":0,"comment_status":"closed","ping_status":"closed","template":"","meta":{"footnotes":""},"class_list":["post-1429","page","type-page","status-publish","hentry"],"_links":{"self":[{"href":"https:\/\/artefakt.gallery\/pl\/wp-json\/wp\/v2\/pages\/1429","targetHints":{"allow":["GET"]}}],"collection":[{"href":"https:\/\/artefakt.gallery\/pl\/wp-json\/wp\/v2\/pages"}],"about":[{"href":"https:\/\/artefakt.gallery\/pl\/wp-json\/wp\/v2\/types\/page"}],"author":[{"embeddable":true,"href":"https:\/\/artefakt.gallery\/pl\/wp-json\/wp\/v2\/users\/1"}],"replies":[{"embeddable":true,"href":"https:\/\/artefakt.gallery\/pl\/wp-json\/wp\/v2\/comments?post=1429"}],"version-history":[{"count":13,"href":"https:\/\/artefakt.gallery\/pl\/wp-json\/wp\/v2\/pages\/1429\/revisions"}],"predecessor-version":[{"id":2820,"href":"https:\/\/artefakt.gallery\/pl\/wp-json\/wp\/v2\/pages\/1429\/revisions\/2820"}],"wp:attachment":[{"href":"https:\/\/artefakt.gallery\/pl\/wp-json\/wp\/v2\/media?parent=1429"}],"curies":[{"name":"wp","href":"https:\/\/api.w.org\/{rel}","templated":true}]}}